{"id":31,"date":"2011-04-19T15:30:27","date_gmt":"2011-04-19T13:30:27","guid":{"rendered":"http:\/\/www.anjakreitz.de\/?page_id=31"},"modified":"2026-03-22T17:55:13","modified_gmt":"2026-03-22T16:55:13","slug":"philosophie","status":"publish","type":"page","link":"https:\/\/www.anjakreitz.de\/index.php\/philosophie","title":{"rendered":"Philosophie der Emotion"},"content":{"rendered":"\n<figure class=\"wp-block-image size-large is-resized\"><img loading=\"lazy\" decoding=\"async\" width=\"560\" height=\"555\" src=\"https:\/\/www.anjakreitz.de\/wp-content\/uploads\/2019\/03\/ThePigIsDead-560x555.jpg\" alt=\"\" class=\"wp-image-1137\" style=\"width:360px;height:357px\" srcset=\"https:\/\/www.anjakreitz.de\/wp-content\/uploads\/2019\/03\/ThePigIsDead-560x555.jpg 560w, https:\/\/www.anjakreitz.de\/wp-content\/uploads\/2019\/03\/ThePigIsDead-160x160.jpg 160w, https:\/\/www.anjakreitz.de\/wp-content\/uploads\/2019\/03\/ThePigIsDead-360x357.jpg 360w, https:\/\/www.anjakreitz.de\/wp-content\/uploads\/2019\/03\/ThePigIsDead-768x762.jpg 768w, https:\/\/www.anjakreitz.de\/wp-content\/uploads\/2019\/03\/ThePigIsDead-565x560.jpg 565w\" sizes=\"auto, (max-width: 560px) 100vw, 560px\" \/><\/figure>\n\n\n\n<p>Die figurative Malerei von Anja Kreitz besch\u00e4ftigt sich<br>mit der Epoche des Barocks und dessen Transformation<br>in die heutige Zeit. Sie l\u00e4sst mit ihrer symbolhaften<br>Sprache eigene Bildfiguren entstehen; Helden aller Art <br>und kunstgeschichtliche Charaktere werden zu neuem <br>malerischen Leben erweckt.<\/p>\n\n\n\n<p>Inspiriert aus der Kunstgeschichte und der k\u00fchnen<br>Bewegtheit des Barocks, erscheinen die Figuren mit einer <br>gewissen Grundimposanz. Dabei ist die Gratwanderung <br>am Rande zu Lieblichkeit und farblicher \u00dcberzeichnung<br>kein Zufall, es ist der gewollte Flirt mit Opulenz und<br>gef\u00fchlstiefer Schw\u00e4rmerei.&nbsp;<\/p>\n\n\n\n<p>Die Werke stehen f\u00fcr eine eigene Art der Begeisterung<br>f\u00fcr das Leben und f\u00fcr die Liebe zur Kunst.<\/p>\n\n\n\n<p>Anja Kreitz lebt und arbeitet in Solingen. Die verschie-<br>denen Stationen der k\u00fcnstlerischen Ausbildung haben<br>in der Familie begonnen, f\u00fchrte zur \u00c9cole des Beaux Arts <br>in Paris, zum Bachelor-Abschluss f\u00fcr Malerei als Meistersch\u00fclerin <br>an der Hochschule der bildenden K\u00fcnste in Essen und <br>zur Kunstakademie D\u00fcsseldorf in die Klasse Prof. Anzingers.<\/p>\n\n\n\n<figure class=\"wp-block-image size-large is-resized\"><img loading=\"lazy\" decoding=\"async\" width=\"401\" height=\"560\" src=\"https:\/\/www.anjakreitz.de\/wp-content\/uploads\/2019\/07\/vasmetbloemen-401x560.jpg\" alt=\"\" class=\"wp-image-1161\" style=\"width:443px;height:618px\" srcset=\"https:\/\/www.anjakreitz.de\/wp-content\/uploads\/2019\/07\/vasmetbloemen-401x560.jpg 401w, https:\/\/www.anjakreitz.de\/wp-content\/uploads\/2019\/07\/vasmetbloemen-258x360.jpg 258w, https:\/\/www.anjakreitz.de\/wp-content\/uploads\/2019\/07\/vasmetbloemen-560x782.jpg 560w, https:\/\/www.anjakreitz.de\/wp-content\/uploads\/2019\/07\/vasmetbloemen-565x789.jpg 565w, https:\/\/www.anjakreitz.de\/wp-content\/uploads\/2019\/07\/vasmetbloemen-360x503.jpg 360w, https:\/\/www.anjakreitz.de\/wp-content\/uploads\/2019\/07\/vasmetbloemen.jpg 567w\" sizes=\"auto, (max-width: 401px) 100vw, 401px\" \/><\/figure>\n\n\n\n<p><\/p>\n","protected":false},"excerpt":{"rendered":"<p>Die figurative Malerei von Anja Kreitz besch\u00e4ftigt sichmit der Epoche des Barocks und dessen Transformationin die heutige Zeit. Sie l\u00e4sst mit ihrer symbolhaftenSprache eigene Bildfiguren entstehen; Helden aller Art und kunstgeschichtliche Charaktere werden zu neuem malerischen Leben erweckt. Inspiriert aus der Kunstgeschichte und der k\u00fchnenBewegtheit des Barocks, erscheinen die Figuren mit einer gewissen Grundimposanz. Dabei [&hellip;]<\/p>\n","protected":false},"author":2,"featured_media":1348,"parent":0,"menu_order":2,"comment_status":"closed","ping_status":"closed","template":"","meta":{"footnotes":""},"class_list":["post-31","page","type-page","status-publish","has-post-thumbnail","hentry"],"_links":{"self":[{"href":"https:\/\/www.anjakreitz.de\/index.php\/wp-json\/wp\/v2\/pages\/31","targetHints":{"allow":["GET"]}}],"collection":[{"href":"https:\/\/www.anjakreitz.de\/index.php\/wp-json\/wp\/v2\/pages"}],"about":[{"href":"https:\/\/www.anjakreitz.de\/index.php\/wp-json\/wp\/v2\/types\/page"}],"author":[{"embeddable":true,"href":"https:\/\/www.anjakreitz.de\/index.php\/wp-json\/wp\/v2\/users\/2"}],"replies":[{"embeddable":true,"href":"https:\/\/www.anjakreitz.de\/index.php\/wp-json\/wp\/v2\/comments?post=31"}],"version-history":[{"count":27,"href":"https:\/\/www.anjakreitz.de\/index.php\/wp-json\/wp\/v2\/pages\/31\/revisions"}],"predecessor-version":[{"id":1494,"href":"https:\/\/www.anjakreitz.de\/index.php\/wp-json\/wp\/v2\/pages\/31\/revisions\/1494"}],"wp:featuredmedia":[{"embeddable":true,"href":"https:\/\/www.anjakreitz.de\/index.php\/wp-json\/wp\/v2\/media\/1348"}],"wp:attachment":[{"href":"https:\/\/www.anjakreitz.de\/index.php\/wp-json\/wp\/v2\/media?parent=31"}],"curies":[{"name":"wp","href":"https:\/\/api.w.org\/{rel}","templated":true}]}}