{"id":100,"date":"2011-04-21T19:08:15","date_gmt":"2011-04-21T17:08:15","guid":{"rendered":"http:\/\/www.anjakreitz.de\/?page_id=100"},"modified":"2026-04-04T18:54:16","modified_gmt":"2026-04-04T16:54:16","slug":"werkgang","status":"publish","type":"page","link":"https:\/\/www.anjakreitz.de\/index.php\/werkgang","title":{"rendered":"Werkgang"},"content":{"rendered":"\n<figure class=\"wp-block-image size-large\"><img loading=\"lazy\" decoding=\"async\" width=\"770\" height=\"1024\" src=\"https:\/\/www.anjakreitz.de\/wp-content\/uploads\/2025\/02\/AnjaKreitz-770x1024.jpg\" alt=\"\" class=\"wp-image-1424\" srcset=\"https:\/\/www.anjakreitz.de\/wp-content\/uploads\/2025\/02\/AnjaKreitz-770x1024.jpg 770w, https:\/\/www.anjakreitz.de\/wp-content\/uploads\/2025\/02\/AnjaKreitz-421x560.jpg 421w, https:\/\/www.anjakreitz.de\/wp-content\/uploads\/2025\/02\/AnjaKreitz-768x1021.jpg 768w, https:\/\/www.anjakreitz.de\/wp-content\/uploads\/2025\/02\/AnjaKreitz-600x798.jpg 600w, https:\/\/www.anjakreitz.de\/wp-content\/uploads\/2025\/02\/AnjaKreitz.jpg 1000w\" sizes=\"auto, (max-width: 770px) 100vw, 770px\" \/><\/figure>\n\n\n\n<p>Kunstakademie D\u00fcsseldorf<br>Hochschule der bildenden K\u00fcnste, Essen<br>L`\u00c9cole des Beaux Arts, Paris<\/p>\n\n\n\n<p><\/p>\n\n\n\n<p><strong>2026<\/strong> <br>&#8211; Galerie petit paris, Ausstellungsbeteiligung &#8222;soft collaps&#8220;<br>&#8211; Galerie Schmidt, Ausstellungsbeteiligung &#8222;Spiegelungen des Ichs&#8220;<br>&#8211; Overhead Art Salon, M\u00e4rchengold-Kollektiv &#8222;Soir\u00e9e Superbe&#8220;<br>&#8211; SITTart-Galerie, Verein der D\u00fcsseldorfer K\u00fcnstler (VdDK 1844)<br>&#8211; Arp-Galerie, Hanau, Ausstellungsbeteiligung<\/p>\n\n\n\n<p><\/p>\n\n\n\n<p><strong>2025<\/strong> <br>&#8211; Galerie petit paris, Fr\u00fchjahrs-Preview<br>&#8211; Galerie Spitzbart &amp; Bracke, Malerei Soloshow<br>&#8211; Mitglied Verein der D\u00fcsseldorfer K\u00fcnstler (VdDK 1844)<br>&#8211; Galeriek\u00fcnstler Overhead Art Salon, Solingen<br>&#8211; Galeriek\u00fcnstler Galerie Spitzbart &amp; Bracke, Essen<br>&#8211; Malkasten, D\u00fcsseldorf, Ausstellungsbeteiligung<\/p>\n\n\n\n<p><strong>2024<\/strong> <br>&#8211; Overhead Art Salon, Solingen, Soloshow<br>&#8211; SITTart Galerie, D\u00fcsseldorf, &#8222;Zeichen der Zeit&#8220;<br>&#8211; Galerie Spitzbart &amp; Bracke, Essen, &#8222;Jingle Bells&#8220;<br>&#8211; Malkasten, D\u00fcsseldorf, Ausstellungsbeteiligung<\/p>\n\n\n\n<p><strong>2023<\/strong> <br>&#8211; Kunstmuseum Solingen, SK-Ausstellung<br> &#8211; Galeriek\u00fcnstler d\u00f6rfer &amp; stetik in Nordhorn<br> &#8211; Mitglied K\u00fcnstlerverein Malkasten D\u00fcsseldorf<\/p>\n\n\n\n<p><strong><span style=\"color: #000000;\">2022<\/span><\/strong> <br>&#8211;&nbsp;Kunstmuseum Solingen, SK-Ausstellung<br> &#8211; Galeriek\u00fcnstler der Galerie petit paris<\/p>\n\n\n\n<p><strong>2021<\/strong> <br><strong>&#8211;<\/strong> Art-Gopea Masterclass, Burg Bentheim<br> &#8211; Kunstmuseum Solingen, Ausstellung der Solinger K\u00fcnstler<\/p>\n\n\n\n<p><strong>2019<\/strong> <br>&#8211; Bachelor of Fine Arts, HBK Essen<br>&#8211; Degree Show, HBK Essen<br>&#8211; 701 e.V. Ausstellung Art Award 2019, fabric of arts, Wuppertal-Barmen<\/p>\n\n\n\n<p><strong>2018-2020 <\/strong><br>&#8211;&nbsp;Kunstakademie D\u00fcsseldorf, Klasse Prof. Anzinger<\/p>\n\n\n\n<p><strong>2017 <\/strong><br>&#8211; &#8222;Rundgang HBK 2017&#8220;<br>&#8211; Galerie KARO, Essen, &#8222;Nordstadtwelten 2.0&#8220; <br>&#8211; Deutschlandstipendium f\u00fcr begabte und leistungsstarke Studierende<br>&#8211; Galerie SK, Solinger G\u00fcterhallen<\/p>\n\n\n\n<p><strong>2016 <\/strong>&#8211;<strong>&nbsp;<\/strong>&#8222;Rundgang HBK 2016&#8220;<br>           &#8211; Kunstverein Oberhausen<br>           &#8211; Ausstellung F\u00f6rderpreis 2016<br>           &#8211; BBK Kunstforum D\u00fcsseldorf<\/p>\n\n\n\n<p><strong>2015<\/strong> <br>&#8211; &#8222;Rundgang HBK 2015&#8220;<br>&#8211; Gallery 686, K\u00f6ln<br>&#8211; Ballhaus, D\u00fcsseldorf<br>&#8211; WOGA, artgallery Wuppertal<br>&#8211; Ausstellung artgallery Wiesbaden<\/p>\n\n\n\n<p>seit&nbsp;<strong>2014<\/strong> <br>&#8211; Studium Malerei an der Hochschule f\u00fcr Bildende K\u00fcnste (HBK) in Essen<\/p>\n\n\n\n<p><strong>2013<\/strong> <br>&#8211; Galerie Reiter&#8217;s Scheune <br>&#8211; Backstubengalerie&nbsp;in Wuppertal<\/p>\n\n\n\n<p><strong>2012<\/strong> <br>&#8211; WOGA in Wuppertal \u2013 Ausstellung in der artgallery<\/p>\n\n\n\n<p><strong>2011<\/strong> <br>&#8211; Frauenmuseum Bonn 21. Kunstmesse \u2013 WOGA in Wuppertal, Ausstellung in der artgallery<\/p>\n\n\n\n<p><strong>2007 &#8211; 2010<\/strong> <br>&#8211; Ausbildung in Malerei- und Zeichentechnik bei Hannelore E. Busch (Meistersch\u00fclerin von Joseph Beuys)<\/p>\n\n\n\n<p><strong>2004 &#8211; 2014<\/strong> <br>&#8211; wechselnde Dauerausstellungen in der artgallery, Wuppertal<br>&#8211; dito, Solinger G\u00fcterhallen<\/p>\n\n\n\n<p>seit&nbsp;<strong>2000<\/strong> \u2013 freischaffende Malerin<\/p>\n\n\n\n<p><strong>1999<\/strong> \u2013 Gastsemester an der \u00c9cole des Beaux Arts, Paris, Aktmalerei<\/p>\n\n\n\n<p><strong>1990 &#8211; 1994<\/strong> \u2013 Studium der Kommunikationswissenschaften mit den F\u00e4chern Grafik\/Design und Kunst<\/p>\n","protected":false},"excerpt":{"rendered":"<p>Kunstakademie D\u00fcsseldorfHochschule der bildenden K\u00fcnste, EssenL`\u00c9cole des Beaux Arts, Paris 2026 &#8211; Galerie petit paris, Ausstellungsbeteiligung &#8222;soft collaps&#8220;&#8211; Galerie Schmidt, Ausstellungsbeteiligung &#8222;Spiegelungen des Ichs&#8220;&#8211; Overhead Art Salon, M\u00e4rchengold-Kollektiv &#8222;Soir\u00e9e Superbe&#8220;&#8211; SITTart-Galerie, Verein der D\u00fcsseldorfer K\u00fcnstler (VdDK 1844)&#8211; Arp-Galerie, Hanau, Ausstellungsbeteiligung 2025 &#8211; Galerie petit paris, Fr\u00fchjahrs-Preview&#8211; Galerie Spitzbart &amp; Bracke, Malerei Soloshow&#8211; Mitglied Verein der [&hellip;]<\/p>\n","protected":false},"author":2,"featured_media":1420,"parent":0,"menu_order":3,"comment_status":"closed","ping_status":"closed","template":"","meta":{"footnotes":""},"class_list":["post-100","page","type-page","status-publish","has-post-thumbnail","hentry"],"_links":{"self":[{"href":"https:\/\/www.anjakreitz.de\/index.php\/wp-json\/wp\/v2\/pages\/100","targetHints":{"allow":["GET"]}}],"collection":[{"href":"https:\/\/www.anjakreitz.de\/index.php\/wp-json\/wp\/v2\/pages"}],"about":[{"href":"https:\/\/www.anjakreitz.de\/index.php\/wp-json\/wp\/v2\/types\/page"}],"author":[{"embeddable":true,"href":"https:\/\/www.anjakreitz.de\/index.php\/wp-json\/wp\/v2\/users\/2"}],"replies":[{"embeddable":true,"href":"https:\/\/www.anjakreitz.de\/index.php\/wp-json\/wp\/v2\/comments?post=100"}],"version-history":[{"count":49,"href":"https:\/\/www.anjakreitz.de\/index.php\/wp-json\/wp\/v2\/pages\/100\/revisions"}],"predecessor-version":[{"id":1529,"href":"https:\/\/www.anjakreitz.de\/index.php\/wp-json\/wp\/v2\/pages\/100\/revisions\/1529"}],"wp:featuredmedia":[{"embeddable":true,"href":"https:\/\/www.anjakreitz.de\/index.php\/wp-json\/wp\/v2\/media\/1420"}],"wp:attachment":[{"href":"https:\/\/www.anjakreitz.de\/index.php\/wp-json\/wp\/v2\/media?parent=100"}],"curies":[{"name":"wp","href":"https:\/\/api.w.org\/{rel}","templated":true}]}}